{"id":2588,"date":"2020-09-19T11:37:04","date_gmt":"2020-09-19T14:37:04","guid":{"rendered":"http:\/\/riopax.com.br\/novo\/?page_id=2588"},"modified":"2020-10-12T23:58:31","modified_gmt":"2020-10-13T02:58:31","slug":"seja-bem-vindo","status":"publish","type":"page","link":"https:\/\/riopax.com.br\/novo\/","title":{"rendered":"Seja bem-vindo"},"content":{"rendered":"\n<div class=\"wp-block-image\"><figure class=\"aligncenter\"><img loading=\"lazy\" decoding=\"async\" width=\"800\" height=\"339\" src=\"http:\/\/riopax.com.br\/novo\/wp-content\/uploads\/2020\/09\/logo-rio-pax.png\" alt=\"\" class=\"wp-image-2662\" srcset=\"https:\/\/riopax.com.br\/novo\/wp-content\/uploads\/2020\/09\/logo-rio-pax.png 800w, https:\/\/riopax.com.br\/novo\/wp-content\/uploads\/2020\/09\/logo-rio-pax-300x127.png 300w, https:\/\/riopax.com.br\/novo\/wp-content\/uploads\/2020\/09\/logo-rio-pax-768x325.png 768w, https:\/\/riopax.com.br\/novo\/wp-content\/uploads\/2020\/09\/logo-rio-pax-260x110.png 260w, https:\/\/riopax.com.br\/novo\/wp-content\/uploads\/2020\/09\/logo-rio-pax-50x21.png 50w, https:\/\/riopax.com.br\/novo\/wp-content\/uploads\/2020\/09\/logo-rio-pax-150x64.png 150w\" sizes=\"(max-width: 800px) 100vw, 800px\" \/><\/figure><\/div>\n\n\n\n<div style=\"height:26px\" aria-hidden=\"true\" class=\"wp-block-spacer\"><\/div>\n\n\n\n<div>\n    <table>\n        <tr>\n        <td>\n            <div>\n                <a class=\"button\" href=\"http:\/\/riopax.com.br\/novo\/home\/\" style=\"float: center; border:1px solid; padding: 30px 21px; vertical-align: middle; background:#1E90FF; color:white;border-radius:6px; font-size: 20px; font-family:helvetica, serif;text-decoration:none;\">ASSIST\u00caNCIA FAMILIAR<\/a>\n<h4><p align=\"center\">Contratar um Plano de Funeral<\/p><\/h4>\n            <\/div>\n        <\/td>\n        <td>\n            <div>\n                <a class=\"button\" href=\"https:\/\/concessionariariopax.com.br\/\" style=\"float: center; border:1px solid; padding: 30px 21px; vertical-align: middle; background:#1E90FF; color:white;border-radius:6px; font-size: 20px; font-family:helvetica, serif;text-decoration:none;\">CONCESSION\u00c1RIA<\/a>\n<h4><p align=\"center\">Cemit\u00e9rios e Servi\u00e7os<\/p><\/h4>\n            <\/div>\n        <\/td>       \n        <\/tr>\n    <\/table>\n<\/div>\n\n\n\n<div class=\"wp-block-image\"><figure class=\"aligncenter\"><img loading=\"lazy\" decoding=\"async\" width=\"798\" height=\"1024\" src=\"http:\/\/riopax.com.br\/novo\/wp-content\/uploads\/2020\/09\/site_entrada2-798x1024.png\" alt=\"\" class=\"wp-image-2603\" srcset=\"https:\/\/riopax.com.br\/novo\/wp-content\/uploads\/2020\/09\/site_entrada2-798x1024.png 798w, https:\/\/riopax.com.br\/novo\/wp-content\/uploads\/2020\/09\/site_entrada2-234x300.png 234w, https:\/\/riopax.com.br\/novo\/wp-content\/uploads\/2020\/09\/site_entrada2-768x986.png 768w, https:\/\/riopax.com.br\/novo\/wp-content\/uploads\/2020\/09\/site_entrada2-114x146.png 114w, https:\/\/riopax.com.br\/novo\/wp-content\/uploads\/2020\/09\/site_entrada2-39x50.png 39w, https:\/\/riopax.com.br\/novo\/wp-content\/uploads\/2020\/09\/site_entrada2-58x75.png 58w, https:\/\/riopax.com.br\/novo\/wp-content\/uploads\/2020\/09\/site_entrada2.png 1081w\" sizes=\"(max-width: 798px) 100vw, 798px\" \/><\/figure><\/div>\n","protected":false},"excerpt":{"rendered":"<p>ASSIST\u00caNCIA FAMILIAR Contratar um Plano de Funeral CONCESSION\u00c1RIA Cemit\u00e9rios e Servi\u00e7os<\/p>\n","protected":false},"author":4,"featured_media":2603,"parent":0,"menu_order":0,"comment_status":"closed","ping_status":"closed","template":"","meta":{"footnotes":""},"class_list":["post-2588","page","type-page","status-publish","has-post-thumbnail","hentry"],"_links":{"self":[{"href":"https:\/\/riopax.com.br\/novo\/wp-json\/wp\/v2\/pages\/2588"}],"collection":[{"href":"https:\/\/riopax.com.br\/novo\/wp-json\/wp\/v2\/pages"}],"about":[{"href":"https:\/\/riopax.com.br\/novo\/wp-json\/wp\/v2\/types\/page"}],"author":[{"embeddable":true,"href":"https:\/\/riopax.com.br\/novo\/wp-json\/wp\/v2\/users\/4"}],"replies":[{"embeddable":true,"href":"https:\/\/riopax.com.br\/novo\/wp-json\/wp\/v2\/comments?post=2588"}],"version-history":[{"count":56,"href":"https:\/\/riopax.com.br\/novo\/wp-json\/wp\/v2\/pages\/2588\/revisions"}],"predecessor-version":[{"id":20708,"href":"https:\/\/riopax.com.br\/novo\/wp-json\/wp\/v2\/pages\/2588\/revisions\/20708"}],"wp:featuredmedia":[{"embeddable":true,"href":"https:\/\/riopax.com.br\/novo\/wp-json\/wp\/v2\/media\/2603"}],"wp:attachment":[{"href":"https:\/\/riopax.com.br\/novo\/wp-json\/wp\/v2\/media?parent=2588"}],"curies":[{"name":"wp","href":"https:\/\/api.w.org\/{rel}","templated":true}]}}